{"id":1895,"date":"2023-01-09T12:13:19","date_gmt":"2023-01-09T12:13:19","guid":{"rendered":"https:\/\/vigmayol.com\/?page_id=1895"},"modified":"2023-07-31T19:12:55","modified_gmt":"2023-07-31T19:12:55","slug":"statement","status":"publish","type":"page","link":"https:\/\/vigmayol.com\/es\/statement\/","title":{"rendered":"Statement"},"content":{"rendered":"<div data-elementor-type=\"wp-page\" data-elementor-id=\"1895\" class=\"elementor elementor-1895\">\n\t\t\t\t\t\t<section class=\"elementor-section elementor-top-section elementor-element elementor-element-3f613508 elementor-section-full_width elementor-section-height-default elementor-section-height-default\" data-id=\"3f613508\" data-element_type=\"section\">\n\t\t\t\t\t\t<div class=\"elementor-container elementor-column-gap-default\">\n\t\t\t\t\t<div class=\"elementor-column elementor-col-100 elementor-top-column elementor-element elementor-element-7573a00\" data-id=\"7573a00\" data-element_type=\"column\">\n\t\t\t<div class=\"elementor-widget-wrap elementor-element-populated\">\n\t\t\t\t\t\t<div class=\"elementor-element elementor-element-2c8c2d7f elementor-widget elementor-widget-image\" data-id=\"2c8c2d7f\" data-element_type=\"widget\" data-widget_type=\"image.default\">\n\t\t\t\t<div class=\"elementor-widget-container\">\n\t\t\t\t\t\t\t\t\t\t\t\t\t\t\t\t<a href=\"http:\/\/vigmayol.com\/es\/\">\n\t\t\t\t\t\t\t<img decoding=\"async\" width=\"200\" height=\"101\" src=\"https:\/\/vigmayol.com\/wp-content\/uploads\/2021\/01\/Asset-3-100-e1610736172515.jpg\" class=\"attachment-full size-full wp-image-78\" alt=\"\" \/>\t\t\t\t\t\t\t\t<\/a>\n\t\t\t\t\t\t\t\t\t\t\t\t\t\t\t<\/div>\n\t\t\t\t<\/div>\n\t\t\t\t\t<\/div>\n\t\t<\/div>\n\t\t\t\t\t<\/div>\n\t\t<\/section>\n\t\t\t\t<section class=\"elementor-section elementor-top-section elementor-element elementor-element-f198134 elementor-section-boxed elementor-section-height-default elementor-section-height-default\" data-id=\"f198134\" data-element_type=\"section\">\n\t\t\t\t\t\t<div class=\"elementor-container elementor-column-gap-default\">\n\t\t\t\t\t<div class=\"elementor-column elementor-col-100 elementor-top-column elementor-element elementor-element-ad02263\" data-id=\"ad02263\" data-element_type=\"column\">\n\t\t\t<div class=\"elementor-widget-wrap elementor-element-populated\">\n\t\t\t\t\t\t<div class=\"elementor-element elementor-element-212ec85 elementor-widget elementor-widget-spacer\" data-id=\"212ec85\" data-element_type=\"widget\" data-widget_type=\"spacer.default\">\n\t\t\t\t<div class=\"elementor-widget-container\">\n\t\t\t\t\t\t\t<div class=\"elementor-spacer\">\n\t\t\t<div class=\"elementor-spacer-inner\"><\/div>\n\t\t<\/div>\n\t\t\t\t\t\t<\/div>\n\t\t\t\t<\/div>\n\t\t\t\t<div class=\"elementor-element elementor-element-97445d1 elementor-widget elementor-widget-heading\" data-id=\"97445d1\" data-element_type=\"widget\" data-widget_type=\"heading.default\">\n\t\t\t\t<div class=\"elementor-widget-container\">\n\t\t\t\t\t<h2 class=\"elementor-heading-title elementor-size-default\">STATEMENT.<\/h2>\t\t\t\t<\/div>\n\t\t\t\t<\/div>\n\t\t\t\t\t<\/div>\n\t\t<\/div>\n\t\t\t\t\t<\/div>\n\t\t<\/section>\n\t\t\t\t<section class=\"elementor-section elementor-top-section elementor-element elementor-element-e892158 elementor-section-boxed elementor-section-height-default elementor-section-height-default\" data-id=\"e892158\" data-element_type=\"section\">\n\t\t\t\t\t\t<div class=\"elementor-container elementor-column-gap-default\">\n\t\t\t\t\t<div class=\"elementor-column elementor-col-100 elementor-top-column elementor-element elementor-element-8d01b17\" data-id=\"8d01b17\" data-element_type=\"column\">\n\t\t\t<div class=\"elementor-widget-wrap elementor-element-populated\">\n\t\t\t\t\t\t<div class=\"elementor-element elementor-element-d1a03f7 elementor-widget elementor-widget-text-editor\" data-id=\"d1a03f7\" data-element_type=\"widget\" data-widget_type=\"text-editor.default\">\n\t\t\t\t<div class=\"elementor-widget-container\">\n\t\t\t\t\t\t\t\t\t<p>I was born and raised in Argentina and moved to the United States with my husband almost a decade ago. Away from home, I found a new home in my studio, surrounded by nature. Close to the ocean my three kids were born, blessed by a life full of art and Nature.<\/p><p class=\"translation-block\"><br>Mi serie de paisajes emocionales \u201cFormas de volar\u201d trata de una b\u00fasqueda personal. Se trata del proceso profundo de dejar mi hogar. A veces me considero un ave migratoria. Me pregunto c\u00f3mo se sienten estas aves. \u00bfPor qu\u00e9 viajan? \u00bfQu\u00e9 dejan atr\u00e1s? \u00bfQu\u00e9 encuentran al otro lado del horizonte? \u00bfSer\u00e1 posible que el inmenso cielo les pertenezca? En este escenario infinito me reconozco, abro las alas y empiezo a pintar. Perspectivas fugaces cruzando cielos indefinidos. Peque\u00f1os ecosistemas de ritmo y color que palpitan en espacios terrenales. Una vez m\u00e1s la naturaleza como ejemplo vivo de la abundancia, con sus propios ciclos y prop\u00f3sitos.<\/p><p>En los \u00faltimos a\u00f1os, el oc\u00e9ano se est\u00e1 extendiendo dentro de mi obra. Estoy flotando, intuitivamente, entre azules profundos y verdes brillantes. Esta serie trata sobre la transformaci\u00f3n, es un renacer. Hay algo sagrado en el agua. Me sumerjo en los ritmos de la marea, su movimiento constante y sus fascinantes reflejos. Una respiraci\u00f3n profunda, una pausa, conectar con los sentidos, cerrar los ojos bajo el agua, escuchar el silencio del oc\u00e9ano siendo consciente de ser sostenido por el agua.<\/p>\t\t\t\t\t\t\t\t<\/div>\n\t\t\t\t<\/div>\n\t\t\t\t\t<\/div>\n\t\t<\/div>\n\t\t\t\t\t<\/div>\n\t\t<\/section>\n\t\t\t\t<\/div>","protected":false},"excerpt":{"rendered":"<p class=\"excerpt\">STATEMENT. I was born and raised in Argentina and moved to the United States with my husband almost a decade ago. Away from home, I found a new home in my studio, surrounded by nature. Close to the ocean my three kids were born, blessed by a life full of art and Nature. My series [&hellip;]<\/p>\n","protected":false},"author":1,"featured_media":0,"parent":0,"menu_order":0,"comment_status":"closed","ping_status":"closed","template":"elementor_header_footer","meta":{"footnotes":""},"class_list":["post-1895","page","type-page","status-publish","hentry"],"_links":{"self":[{"href":"https:\/\/vigmayol.com\/es\/wp-json\/wp\/v2\/pages\/1895","targetHints":{"allow":["GET"]}}],"collection":[{"href":"https:\/\/vigmayol.com\/es\/wp-json\/wp\/v2\/pages"}],"about":[{"href":"https:\/\/vigmayol.com\/es\/wp-json\/wp\/v2\/types\/page"}],"author":[{"embeddable":true,"href":"https:\/\/vigmayol.com\/es\/wp-json\/wp\/v2\/users\/1"}],"replies":[{"embeddable":true,"href":"https:\/\/vigmayol.com\/es\/wp-json\/wp\/v2\/comments?post=1895"}],"version-history":[{"count":5,"href":"https:\/\/vigmayol.com\/es\/wp-json\/wp\/v2\/pages\/1895\/revisions"}],"predecessor-version":[{"id":2621,"href":"https:\/\/vigmayol.com\/es\/wp-json\/wp\/v2\/pages\/1895\/revisions\/2621"}],"wp:attachment":[{"href":"https:\/\/vigmayol.com\/es\/wp-json\/wp\/v2\/media?parent=1895"}],"curies":[{"name":"wp","href":"https:\/\/api.w.org\/{rel}","templated":true}]}}